{"id":847,"date":"2018-10-11T11:36:45","date_gmt":"2018-10-11T09:36:45","guid":{"rendered":"http:\/\/babamima.ch\/wordpress\/?post_type=product&#038;p=847"},"modified":"2024-12-04T11:21:48","modified_gmt":"2024-12-04T09:21:48","slug":"kuschelhose-panda","status":"publish","type":"product","link":"https:\/\/babamima.ch\/wordpress\/?product=kuschelhose-panda","title":{"rendered":"Kuschelhose Panda"},"content":{"rendered":"<p>Sweat-Stoff, w\u00e4chst mit dank breitem B\u00fcndchen<\/p>\n<p>bestellbar in den Gr\u00f6ssen 56-92<\/p>\n","protected":false},"excerpt":{"rendered":"<p>Sweat-Stoff, w\u00e4chst mit dank breitem B\u00fcndchen bestellbar in den Gr\u00f6ssen 56-92<\/p>\n","protected":false},"featured_media":848,"comment_status":"closed","ping_status":"closed","template":"","meta":{"spay_email":"","jetpack_publicize_message":"","jetpack_is_tweetstorm":false},"product_cat":[74,43,59],"product_tag":[],"jetpack_publicize_connections":[],"jetpack_sharing_enabled":true,"jetpack-related-posts":[{"id":849,"url":"https:\/\/babamima.ch\/wordpress\/?product=kuschelhose-moewen","url_meta":{"origin":847,"position":0},"title":"Kuschelhose M\u00f6wen","date":"11. Oktober 2018","format":false,"excerpt":"Jersey-Stoff, w\u00e4chst mit dank breitem B\u00fcndchen bestellbar in den Gr\u00f6ssen 56-92","rel":"","context":"\u00c4hnlicher Beitrag","img":{"alt_text":"","src":"https:\/\/i1.wp.com\/babamima.ch\/wordpress\/wp-content\/uploads\/2018\/10\/20181011_110712-e1539250507868.jpg?fit=900%2C1200&ssl=1&resize=350%2C200","width":350,"height":200},"classes":[]},{"id":845,"url":"https:\/\/babamima.ch\/wordpress\/?product=kuschelhose-aus-samt","url_meta":{"origin":847,"position":1},"title":"Kuschelhose aus Samt","date":"11. Oktober 2018","format":false,"excerpt":"w\u00e4chst mit dank breitem B\u00fcndchen bestellbar in den Gr\u00f6ssen 56-86","rel":"","context":"\u00c4hnlicher Beitrag","img":{"alt_text":"","src":"https:\/\/i0.wp.com\/babamima.ch\/wordpress\/wp-content\/uploads\/2018\/10\/20180926_120821-e1539246210758.jpg?fit=900%2C1200&ssl=1&resize=350%2C200","width":350,"height":200},"classes":[]},{"id":714,"url":"https:\/\/babamima.ch\/wordpress\/?product=turnsaeckli-fuechse","url_meta":{"origin":847,"position":2},"title":"Turns\u00e4ckli F\u00fcchse","date":"9. Dezember 2016","format":false,"excerpt":"f\u00fcr Schulkinder aus robustem japanischem Stoff, nature mit F\u00fcchsen","rel":"","context":"\u00c4hnlicher Beitrag","img":{"alt_text":"","src":"https:\/\/i0.wp.com\/babamima.ch\/wordpress\/wp-content\/uploads\/2016\/12\/K1600_IMG_6938-e1590669671518.jpg?fit=800%2C1200&ssl=1&resize=350%2C200","width":350,"height":200},"classes":[]},{"id":731,"url":"https:\/\/babamima.ch\/wordpress\/?product=kleines-turnsaeckli-fuechse-dunkelgrau","url_meta":{"origin":847,"position":3},"title":"Turns\u00e4ckli F\u00fcchse dunkelgrau","date":"9. Dezember 2016","format":false,"excerpt":"z.B. f\u00fcr die Spielgruppe aus robustem japanischem Stoff, dunkelgrau mit F\u00fcchsen","rel":"","context":"\u00c4hnlicher Beitrag","img":{"alt_text":"","src":"https:\/\/i2.wp.com\/babamima.ch\/wordpress\/wp-content\/uploads\/2016\/12\/K1600_IMG_6929-e1590669287436.jpg?fit=800%2C1200&ssl=1&resize=350%2C200","width":350,"height":200},"classes":[]},{"id":684,"url":"https:\/\/babamima.ch\/wordpress\/?product=velolenker-taeschli-sterne-gruen","url_meta":{"origin":847,"position":4},"title":"Velolenker-T\u00e4schli Sterne gr\u00fcn","date":"9. Dezember 2016","format":false,"excerpt":"passt ans Like-a-bike und auch an gr\u00f6ssere Kinder-Velos mit Druckkn\u00f6pfen individuell an jeden Lenker anpassbar aus beschichtetem, abwaschbarem Stoff","rel":"","context":"\u00c4hnlicher Beitrag","img":{"alt_text":"","src":"https:\/\/i1.wp.com\/babamima.ch\/wordpress\/wp-content\/uploads\/2016\/12\/K1600_IMG_6967.jpg?fit=1200%2C800&ssl=1&resize=350%2C200","width":350,"height":200},"classes":[]},{"id":1123,"url":"https:\/\/babamima.ch\/wordpress\/?product=maske","url_meta":{"origin":847,"position":5},"title":"Maske","date":"7. Juni 2020","format":false,"excerpt":"\u00a0 What do you want to do ? New mailCopy","rel":"","context":"\u00c4hnlicher Beitrag","img":{"alt_text":"","src":"https:\/\/i2.wp.com\/babamima.ch\/wordpress\/wp-content\/uploads\/2020\/06\/20200425_163141-scaled.jpg?fit=1200%2C900&ssl=1&resize=350%2C200","width":350,"height":200},"classes":[]}],"_links":{"self":[{"href":"https:\/\/babamima.ch\/wordpress\/index.php?rest_route=\/wp\/v2\/product\/847"}],"collection":[{"href":"https:\/\/babamima.ch\/wordpress\/index.php?rest_route=\/wp\/v2\/product"}],"about":[{"href":"https:\/\/babamima.ch\/wordpress\/index.php?rest_route=\/wp\/v2\/types\/product"}],"replies":[{"embeddable":true,"href":"https:\/\/babamima.ch\/wordpress\/index.php?rest_route=%2Fwp%2Fv2%2Fcomments&post=847"}],"wp:featuredmedia":[{"embeddable":true,"href":"https:\/\/babamima.ch\/wordpress\/index.php?rest_route=\/wp\/v2\/media\/848"}],"wp:attachment":[{"href":"https:\/\/babamima.ch\/wordpress\/index.php?rest_route=%2Fwp%2Fv2%2Fmedia&parent=847"}],"wp:term":[{"taxonomy":"product_cat","embeddable":true,"href":"https:\/\/babamima.ch\/wordpress\/index.php?rest_route=%2Fwp%2Fv2%2Fproduct_cat&post=847"},{"taxonomy":"product_tag","embeddable":true,"href":"https:\/\/babamima.ch\/wordpress\/index.php?rest_route=%2Fwp%2Fv2%2Fproduct_tag&post=847"}],"curies":[{"name":"wp","href":"https:\/\/api.w.org\/{rel}","templated":true}]}}