{"id":794,"date":"2017-04-23T22:33:33","date_gmt":"2017-04-23T20:33:33","guid":{"rendered":"http:\/\/babamima.ch\/wordpress\/?post_type=product&#038;p=794"},"modified":"2017-05-21T22:18:06","modified_gmt":"2017-05-21T20:18:06","slug":"tiger-dusty-mint","status":"publish","type":"product","link":"https:\/\/babamima.ch\/wordpress\/?product=tiger-dusty-mint","title":{"rendered":"Bio-Jersey Tiger Dusty Mint"},"content":{"rendered":"<p>Bio-Jersey von Elvelyckan Design<\/p>\n<p>Breite: ca. 165 cm<\/p>\n<p>Material: 95\u00a0%\u00a0BW\/ 5 % Elasthan<\/p>\n<p>&nbsp;<\/p>\n<p>CHF 26.00 pro Meter, Verkauf in 10 cm-Einheiten<\/p>\n<p>(Bsp. 1m = 10 Einheiten)<\/p>\n<p>&nbsp;<\/p>\n","protected":false},"excerpt":{"rendered":"<p>Bio-Jersey von Elvelyckan Design Breite: ca. 165 cm Material: 95\u00a0%\u00a0BW\/ 5 % Elasthan &nbsp; CHF 26.00 pro Meter, Verkauf in 10 cm-Einheiten (Bsp. 1m = 10 Einheiten) &nbsp;<\/p>\n","protected":false},"featured_media":788,"comment_status":"closed","ping_status":"closed","template":"","meta":{"spay_email":"","jetpack_publicize_message":"","jetpack_is_tweetstorm":false},"product_cat":[72,71],"product_tag":[],"jetpack_publicize_connections":[],"jetpack_sharing_enabled":true,"jetpack-related-posts":[{"id":805,"url":"https:\/\/babamima.ch\/wordpress\/?product=bio-jersey-seagulls","url_meta":{"origin":794,"position":0},"title":"Bio-Jersey Seagulls","date":"21. Mai 2017","format":false,"excerpt":"Bio-Jersey Senf-farbig von Stoffonkel aus 95% Bio Baumwolle & 5% Elasthan Breite: ca. 165 cm CHF 26.00 pro Meter, Verkauf in 10 cm-Einheiten (Bsp. 1m = 10 Einheiten)","rel":"","context":"\u00c4hnlicher Beitrag","img":{"alt_text":"","src":"https:\/\/i2.wp.com\/babamima.ch\/wordpress\/wp-content\/uploads\/2017\/05\/biojersey-seagulls-senf_2_large.jpg?fit=480%2C480&ssl=1&resize=350%2C200","width":350,"height":200},"classes":[]},{"id":791,"url":"https:\/\/babamima.ch\/wordpress\/?product=bio-jersey-tiger-gold","url_meta":{"origin":794,"position":1},"title":"Bio-Jersey Tiger Gold","date":"23. April 2017","format":false,"excerpt":"Bio-Jersey von Elvelyckan Design Breite: ca. 165 cm Material: 95\u00a0%\u00a0BW\/ 5 % Elasthan \u00a0 CHF 26.00 pro Meter, Verkauf in 10 cm-Einheiten (Bsp. 1m = 10 Einheiten)","rel":"","context":"\u00c4hnlicher Beitrag","img":{"alt_text":"Bio-Jersey Tiger gold Kinderstoffe skandinavisch Elvelyckan design","src":"https:\/\/i2.wp.com\/babamima.ch\/wordpress\/wp-content\/uploads\/2017\/04\/TigerGold.jpg?fit=576%2C576&ssl=1&resize=350%2C200","width":350,"height":200},"classes":[]},{"id":849,"url":"https:\/\/babamima.ch\/wordpress\/?product=kuschelhose-moewen","url_meta":{"origin":794,"position":2},"title":"Kuschelhose M\u00f6wen","date":"11. Oktober 2018","format":false,"excerpt":"Jersey-Stoff, w\u00e4chst mit dank breitem B\u00fcndchen bestellbar in den Gr\u00f6ssen 56-92","rel":"","context":"\u00c4hnlicher Beitrag","img":{"alt_text":"","src":"https:\/\/i1.wp.com\/babamima.ch\/wordpress\/wp-content\/uploads\/2018\/10\/20181011_110712-e1539250507868.jpg?fit=900%2C1200&ssl=1&resize=350%2C200","width":350,"height":200},"classes":[]}],"_links":{"self":[{"href":"https:\/\/babamima.ch\/wordpress\/index.php?rest_route=\/wp\/v2\/product\/794"}],"collection":[{"href":"https:\/\/babamima.ch\/wordpress\/index.php?rest_route=\/wp\/v2\/product"}],"about":[{"href":"https:\/\/babamima.ch\/wordpress\/index.php?rest_route=\/wp\/v2\/types\/product"}],"replies":[{"embeddable":true,"href":"https:\/\/babamima.ch\/wordpress\/index.php?rest_route=%2Fwp%2Fv2%2Fcomments&post=794"}],"wp:featuredmedia":[{"embeddable":true,"href":"https:\/\/babamima.ch\/wordpress\/index.php?rest_route=\/wp\/v2\/media\/788"}],"wp:attachment":[{"href":"https:\/\/babamima.ch\/wordpress\/index.php?rest_route=%2Fwp%2Fv2%2Fmedia&parent=794"}],"wp:term":[{"taxonomy":"product_cat","embeddable":true,"href":"https:\/\/babamima.ch\/wordpress\/index.php?rest_route=%2Fwp%2Fv2%2Fproduct_cat&post=794"},{"taxonomy":"product_tag","embeddable":true,"href":"https:\/\/babamima.ch\/wordpress\/index.php?rest_route=%2Fwp%2Fv2%2Fproduct_tag&post=794"}],"curies":[{"name":"wp","href":"https:\/\/api.w.org\/{rel}","templated":true}]}}