{"id":745,"date":"2016-12-09T23:20:20","date_gmt":"2016-12-09T21:20:20","guid":{"rendered":"http:\/\/babamima.ch\/wordpress\/?post_type=product&#038;p=745"},"modified":"2019-02-07T00:48:42","modified_gmt":"2019-02-06T22:48:42","slug":"beanie-tiger","status":"publish","type":"product","link":"https:\/\/babamima.ch\/wordpress\/?product=beanie-tiger","title":{"rendered":"Beanie Tiger"},"content":{"rendered":"<p>ca. 3-6 Jahre<\/p>\n","protected":false},"excerpt":{"rendered":"<p>ca. 3-6 Jahre<\/p>\n","protected":false},"featured_media":746,"comment_status":"closed","ping_status":"closed","template":"","meta":{"spay_email":"","jetpack_publicize_message":"","jetpack_is_tweetstorm":false},"product_cat":[43,60],"product_tag":[],"jetpack_publicize_connections":[],"jetpack_sharing_enabled":true,"jetpack-related-posts":[{"id":747,"url":"https:\/\/babamima.ch\/wordpress\/?product=beanie-zirkus-hellblau","url_meta":{"origin":745,"position":0},"title":"Beanie Zirkus hellblau","date":"9. Dezember 2016","format":false,"excerpt":"ca. 3-5 Jahre","rel":"","context":"\u00c4hnlicher Beitrag","img":{"alt_text":"","src":"https:\/\/i0.wp.com\/babamima.ch\/wordpress\/wp-content\/uploads\/2016\/12\/K1600_IMG_6915.jpg?fit=1200%2C800&ssl=1&resize=350%2C200","width":350,"height":200},"classes":[]},{"id":791,"url":"https:\/\/babamima.ch\/wordpress\/?product=bio-jersey-tiger-gold","url_meta":{"origin":745,"position":1},"title":"Bio-Jersey Tiger Gold","date":"23. April 2017","format":false,"excerpt":"Bio-Jersey von Elvelyckan Design Breite: ca. 165 cm Material: 95\u00a0%\u00a0BW\/ 5 % Elasthan \u00a0 CHF 26.00 pro Meter, Verkauf in 10 cm-Einheiten (Bsp. 1m = 10 Einheiten)","rel":"","context":"\u00c4hnlicher Beitrag","img":{"alt_text":"Bio-Jersey Tiger gold Kinderstoffe skandinavisch Elvelyckan design","src":"https:\/\/i2.wp.com\/babamima.ch\/wordpress\/wp-content\/uploads\/2017\/04\/TigerGold.jpg?fit=576%2C576&ssl=1&resize=350%2C200","width":350,"height":200},"classes":[]},{"id":794,"url":"https:\/\/babamima.ch\/wordpress\/?product=tiger-dusty-mint","url_meta":{"origin":745,"position":2},"title":"Bio-Jersey Tiger Dusty Mint","date":"23. April 2017","format":false,"excerpt":"Bio-Jersey von Elvelyckan Design Breite: ca. 165 cm Material: 95\u00a0%\u00a0BW\/ 5 % Elasthan \u00a0 CHF 26.00 pro Meter, Verkauf in 10 cm-Einheiten (Bsp. 1m = 10 Einheiten) \u00a0","rel":"","context":"\u00c4hnlicher Beitrag","img":{"alt_text":"Bio-Jersey Tiger dusty mint Kinderstoffe skandinavisch Elvelyckan design","src":"https:\/\/i0.wp.com\/babamima.ch\/wordpress\/wp-content\/uploads\/2017\/04\/Tigerdustymint.jpg?fit=576%2C576&ssl=1&resize=350%2C200","width":350,"height":200},"classes":[]},{"id":298,"url":"https:\/\/babamima.ch\/wordpress\/?product=stofftaeschli-apfel-2","url_meta":{"origin":745,"position":3},"title":"Stofft\u00e4schli Apfel","date":"10. Oktober 2015","format":false,"excerpt":"fester Baumwollstoff, ca. 22x26cm","rel":"","context":"\u00c4hnlicher Beitrag","img":{"alt_text":"","src":"https:\/\/i0.wp.com\/babamima.ch\/wordpress\/wp-content\/uploads\/2015\/10\/C23A4962-1_klein.jpg?fit=1200%2C800&ssl=1&resize=350%2C200","width":350,"height":200},"classes":[]},{"id":545,"url":"https:\/\/babamima.ch\/wordpress\/?product=traubenkernkissen-fuechsli","url_meta":{"origin":745,"position":4},"title":"Traubenkernkissen F\u00fcchsli","date":"21. Juni 2016","format":false,"excerpt":"f\u00fcrs Baby und auch f\u00fcr die Gr\u00f6sseren, zum Erw\u00e4rmen in der Mikrowelle geeignet mit Traubenkernen und Lavendel ca. 22x18cm","rel":"","context":"\u00c4hnlicher Beitrag","img":{"alt_text":"","src":"https:\/\/i0.wp.com\/babamima.ch\/wordpress\/wp-content\/uploads\/2016\/06\/K1600_IMG_6364.jpg?fit=1200%2C800&ssl=1&resize=350%2C200","width":350,"height":200},"classes":[]},{"id":562,"url":"https:\/\/babamima.ch\/wordpress\/?product=traubenkernkissen-aepfel","url_meta":{"origin":745,"position":5},"title":"Traubenkernkissen \u00c4pfel","date":"21. Juni 2016","format":false,"excerpt":"f\u00fcrs Baby und auch f\u00fcr die Gr\u00f6sseren, zum Erw\u00e4rmen in der Mikrowelle geeignet mit Traubenkernen und Lavendel ca. 22x18cm","rel":"","context":"\u00c4hnlicher Beitrag","img":{"alt_text":"","src":"https:\/\/i2.wp.com\/babamima.ch\/wordpress\/wp-content\/uploads\/2016\/06\/K1600_IMG_6373.jpg?fit=1200%2C800&ssl=1&resize=350%2C200","width":350,"height":200},"classes":[]}],"_links":{"self":[{"href":"https:\/\/babamima.ch\/wordpress\/index.php?rest_route=\/wp\/v2\/product\/745"}],"collection":[{"href":"https:\/\/babamima.ch\/wordpress\/index.php?rest_route=\/wp\/v2\/product"}],"about":[{"href":"https:\/\/babamima.ch\/wordpress\/index.php?rest_route=\/wp\/v2\/types\/product"}],"replies":[{"embeddable":true,"href":"https:\/\/babamima.ch\/wordpress\/index.php?rest_route=%2Fwp%2Fv2%2Fcomments&post=745"}],"wp:featuredmedia":[{"embeddable":true,"href":"https:\/\/babamima.ch\/wordpress\/index.php?rest_route=\/wp\/v2\/media\/746"}],"wp:attachment":[{"href":"https:\/\/babamima.ch\/wordpress\/index.php?rest_route=%2Fwp%2Fv2%2Fmedia&parent=745"}],"wp:term":[{"taxonomy":"product_cat","embeddable":true,"href":"https:\/\/babamima.ch\/wordpress\/index.php?rest_route=%2Fwp%2Fv2%2Fproduct_cat&post=745"},{"taxonomy":"product_tag","embeddable":true,"href":"https:\/\/babamima.ch\/wordpress\/index.php?rest_route=%2Fwp%2Fv2%2Fproduct_tag&post=745"}],"curies":[{"name":"wp","href":"https:\/\/api.w.org\/{rel}","templated":true}]}}