{"id":726,"date":"2016-12-09T22:56:17","date_gmt":"2016-12-09T20:56:17","guid":{"rendered":"http:\/\/babamima.ch\/wordpress\/?post_type=product&#038;p=726"},"modified":"2020-05-28T14:36:29","modified_gmt":"2020-05-28T12:36:29","slug":"kleines-turnsaeckli-retro-blumen","status":"publish","type":"product","link":"https:\/\/babamima.ch\/wordpress\/?product=kleines-turnsaeckli-retro-blumen","title":{"rendered":"Turns\u00e4ckli retro Blumen"},"content":{"rendered":"","protected":false},"excerpt":{"rendered":"","protected":false},"featured_media":727,"comment_status":"closed","ping_status":"closed","template":"","meta":{"spay_email":"","jetpack_publicize_message":"","jetpack_is_tweetstorm":false},"product_cat":[43,47],"product_tag":[],"jetpack_publicize_connections":[],"jetpack_sharing_enabled":true,"jetpack-related-posts":[{"id":1096,"url":"https:\/\/babamima.ch\/wordpress\/?product=tornsaeckli-dreiecke","url_meta":{"origin":726,"position":0},"title":"Turns\u00e4ckli Dreiecke","date":"28. Mai 2020","format":false,"excerpt":"","rel":"","context":"\u00c4hnlicher Beitrag","img":{"alt_text":"","src":"https:\/\/i1.wp.com\/babamima.ch\/wordpress\/wp-content\/uploads\/2016\/12\/IMG_6592-Kopie-Kopie-e1590669065234.jpg?fit=800%2C1200&ssl=1&resize=350%2C200","width":350,"height":200},"classes":[]},{"id":722,"url":"https:\/\/babamima.ch\/wordpress\/?product=kleines-turnsaeckli-rote-fuechse","url_meta":{"origin":726,"position":1},"title":"kleines Turns\u00e4ckli rote F\u00fcchse","date":"9. Dezember 2016","format":false,"excerpt":"","rel":"","context":"\u00c4hnlicher Beitrag","img":{"alt_text":"","src":"https:\/\/i1.wp.com\/babamima.ch\/wordpress\/wp-content\/uploads\/2016\/12\/K1600_IMG_6932-e1590669491501.jpg?fit=800%2C1200&ssl=1&resize=350%2C200","width":350,"height":200},"classes":[]},{"id":714,"url":"https:\/\/babamima.ch\/wordpress\/?product=turnsaeckli-fuechse","url_meta":{"origin":726,"position":2},"title":"Turns\u00e4ckli F\u00fcchse","date":"9. Dezember 2016","format":false,"excerpt":"f\u00fcr Schulkinder aus robustem japanischem Stoff, nature mit F\u00fcchsen","rel":"","context":"\u00c4hnlicher Beitrag","img":{"alt_text":"","src":"https:\/\/i0.wp.com\/babamima.ch\/wordpress\/wp-content\/uploads\/2016\/12\/K1600_IMG_6938-e1590669671518.jpg?fit=800%2C1200&ssl=1&resize=350%2C200","width":350,"height":200},"classes":[]},{"id":731,"url":"https:\/\/babamima.ch\/wordpress\/?product=kleines-turnsaeckli-fuechse-dunkelgrau","url_meta":{"origin":726,"position":3},"title":"Turns\u00e4ckli F\u00fcchse dunkelgrau","date":"9. Dezember 2016","format":false,"excerpt":"z.B. f\u00fcr die Spielgruppe aus robustem japanischem Stoff, dunkelgrau mit F\u00fcchsen","rel":"","context":"\u00c4hnlicher Beitrag","img":{"alt_text":"","src":"https:\/\/i2.wp.com\/babamima.ch\/wordpress\/wp-content\/uploads\/2016\/12\/K1600_IMG_6929-e1590669287436.jpg?fit=800%2C1200&ssl=1&resize=350%2C200","width":350,"height":200},"classes":[]},{"id":719,"url":"https:\/\/babamima.ch\/wordpress\/?product=kleines-turnsaechli-rehlein","url_meta":{"origin":726,"position":4},"title":"kleines Turns\u00e4chli Rehlein","date":"9. Dezember 2016","format":false,"excerpt":"","rel":"","context":"\u00c4hnlicher Beitrag","img":{"alt_text":"","src":"https:\/\/i1.wp.com\/babamima.ch\/wordpress\/wp-content\/uploads\/2016\/12\/K1600_IMG_6936-e1481316346320.jpg?fit=800%2C1200&ssl=1&resize=350%2C200","width":350,"height":200},"classes":[]},{"id":551,"url":"https:\/\/babamima.ch\/wordpress\/?product=traubenkernkissen-retro-uhu","url_meta":{"origin":726,"position":5},"title":"Traubenkernkissen retro Uhu","date":"21. Juni 2016","format":false,"excerpt":"f\u00fcrs Baby und auch f\u00fcr die Gr\u00f6sseren, zum Erw\u00e4rmen in der Mikrowelle geeignet mit Traubenkernen und Lavendel ca. 22x18cm","rel":"","context":"\u00c4hnlicher Beitrag","img":{"alt_text":"","src":"https:\/\/i2.wp.com\/babamima.ch\/wordpress\/wp-content\/uploads\/2016\/06\/K1600_IMG_6368.jpg?fit=1200%2C800&ssl=1&resize=350%2C200","width":350,"height":200},"classes":[]}],"_links":{"self":[{"href":"https:\/\/babamima.ch\/wordpress\/index.php?rest_route=\/wp\/v2\/product\/726"}],"collection":[{"href":"https:\/\/babamima.ch\/wordpress\/index.php?rest_route=\/wp\/v2\/product"}],"about":[{"href":"https:\/\/babamima.ch\/wordpress\/index.php?rest_route=\/wp\/v2\/types\/product"}],"replies":[{"embeddable":true,"href":"https:\/\/babamima.ch\/wordpress\/index.php?rest_route=%2Fwp%2Fv2%2Fcomments&post=726"}],"wp:featuredmedia":[{"embeddable":true,"href":"https:\/\/babamima.ch\/wordpress\/index.php?rest_route=\/wp\/v2\/media\/727"}],"wp:attachment":[{"href":"https:\/\/babamima.ch\/wordpress\/index.php?rest_route=%2Fwp%2Fv2%2Fmedia&parent=726"}],"wp:term":[{"taxonomy":"product_cat","embeddable":true,"href":"https:\/\/babamima.ch\/wordpress\/index.php?rest_route=%2Fwp%2Fv2%2Fproduct_cat&post=726"},{"taxonomy":"product_tag","embeddable":true,"href":"https:\/\/babamima.ch\/wordpress\/index.php?rest_route=%2Fwp%2Fv2%2Fproduct_tag&post=726"}],"curies":[{"name":"wp","href":"https:\/\/api.w.org\/{rel}","templated":true}]}}