{"id":722,"date":"2016-12-09T22:51:00","date_gmt":"2016-12-09T20:51:00","guid":{"rendered":"http:\/\/babamima.ch\/wordpress\/?post_type=product&#038;p=722"},"modified":"2016-12-09T23:00:47","modified_gmt":"2016-12-09T21:00:47","slug":"kleines-turnsaeckli-rote-fuechse","status":"publish","type":"product","link":"https:\/\/babamima.ch\/wordpress\/?product=kleines-turnsaeckli-rote-fuechse","title":{"rendered":"kleines Turns\u00e4ckli rote F\u00fcchse"},"content":{"rendered":"","protected":false},"excerpt":{"rendered":"","protected":false},"featured_media":723,"comment_status":"closed","ping_status":"closed","template":"","meta":{"spay_email":"","jetpack_publicize_message":"","jetpack_is_tweetstorm":false},"product_cat":[43,47],"product_tag":[],"jetpack_publicize_connections":[],"jetpack_sharing_enabled":true,"jetpack-related-posts":[{"id":731,"url":"https:\/\/babamima.ch\/wordpress\/?product=kleines-turnsaeckli-fuechse-dunkelgrau","url_meta":{"origin":722,"position":0},"title":"Turns\u00e4ckli F\u00fcchse dunkelgrau","date":"9. Dezember 2016","format":false,"excerpt":"z.B. f\u00fcr die Spielgruppe aus robustem japanischem Stoff, dunkelgrau mit F\u00fcchsen","rel":"","context":"\u00c4hnlicher Beitrag","img":{"alt_text":"","src":"https:\/\/i2.wp.com\/babamima.ch\/wordpress\/wp-content\/uploads\/2016\/12\/K1600_IMG_6929-e1590669287436.jpg?fit=800%2C1200&ssl=1&resize=350%2C200","width":350,"height":200},"classes":[]},{"id":714,"url":"https:\/\/babamima.ch\/wordpress\/?product=turnsaeckli-fuechse","url_meta":{"origin":722,"position":1},"title":"Turns\u00e4ckli F\u00fcchse","date":"9. Dezember 2016","format":false,"excerpt":"f\u00fcr Schulkinder aus robustem japanischem Stoff, nature mit F\u00fcchsen","rel":"","context":"\u00c4hnlicher Beitrag","img":{"alt_text":"","src":"https:\/\/i0.wp.com\/babamima.ch\/wordpress\/wp-content\/uploads\/2016\/12\/K1600_IMG_6938-e1590669671518.jpg?fit=800%2C1200&ssl=1&resize=350%2C200","width":350,"height":200},"classes":[]},{"id":726,"url":"https:\/\/babamima.ch\/wordpress\/?product=kleines-turnsaeckli-retro-blumen","url_meta":{"origin":722,"position":2},"title":"Turns\u00e4ckli retro Blumen","date":"9. Dezember 2016","format":false,"excerpt":"","rel":"","context":"\u00c4hnlicher Beitrag","img":{"alt_text":"","src":"https:\/\/i0.wp.com\/babamima.ch\/wordpress\/wp-content\/uploads\/2016\/12\/K1600_IMG_6928-e1590669371913.jpg?fit=800%2C1200&ssl=1&resize=350%2C200","width":350,"height":200},"classes":[]},{"id":719,"url":"https:\/\/babamima.ch\/wordpress\/?product=kleines-turnsaechli-rehlein","url_meta":{"origin":722,"position":3},"title":"kleines Turns\u00e4chli Rehlein","date":"9. Dezember 2016","format":false,"excerpt":"","rel":"","context":"\u00c4hnlicher Beitrag","img":{"alt_text":"","src":"https:\/\/i1.wp.com\/babamima.ch\/wordpress\/wp-content\/uploads\/2016\/12\/K1600_IMG_6936-e1481316346320.jpg?fit=800%2C1200&ssl=1&resize=350%2C200","width":350,"height":200},"classes":[]},{"id":1096,"url":"https:\/\/babamima.ch\/wordpress\/?product=tornsaeckli-dreiecke","url_meta":{"origin":722,"position":4},"title":"Turns\u00e4ckli Dreiecke","date":"28. Mai 2020","format":false,"excerpt":"","rel":"","context":"\u00c4hnlicher Beitrag","img":{"alt_text":"","src":"https:\/\/i1.wp.com\/babamima.ch\/wordpress\/wp-content\/uploads\/2016\/12\/IMG_6592-Kopie-Kopie-e1590669065234.jpg?fit=800%2C1200&ssl=1&resize=350%2C200","width":350,"height":200},"classes":[]},{"id":860,"url":"https:\/\/babamima.ch\/wordpress\/?product=windeltasche-fuechse","url_meta":{"origin":722,"position":5},"title":"Windeltasche F\u00fcchse","date":"16. Mai 2019","format":false,"excerpt":"","rel":"","context":"\u00c4hnlicher Beitrag","img":{"alt_text":"","src":"https:\/\/i1.wp.com\/babamima.ch\/wordpress\/wp-content\/uploads\/2019\/05\/20190414_174633-e1558037580567.jpg?fit=900%2C1200&ssl=1&resize=350%2C200","width":350,"height":200},"classes":[]}],"_links":{"self":[{"href":"https:\/\/babamima.ch\/wordpress\/index.php?rest_route=\/wp\/v2\/product\/722"}],"collection":[{"href":"https:\/\/babamima.ch\/wordpress\/index.php?rest_route=\/wp\/v2\/product"}],"about":[{"href":"https:\/\/babamima.ch\/wordpress\/index.php?rest_route=\/wp\/v2\/types\/product"}],"replies":[{"embeddable":true,"href":"https:\/\/babamima.ch\/wordpress\/index.php?rest_route=%2Fwp%2Fv2%2Fcomments&post=722"}],"wp:featuredmedia":[{"embeddable":true,"href":"https:\/\/babamima.ch\/wordpress\/index.php?rest_route=\/wp\/v2\/media\/723"}],"wp:attachment":[{"href":"https:\/\/babamima.ch\/wordpress\/index.php?rest_route=%2Fwp%2Fv2%2Fmedia&parent=722"}],"wp:term":[{"taxonomy":"product_cat","embeddable":true,"href":"https:\/\/babamima.ch\/wordpress\/index.php?rest_route=%2Fwp%2Fv2%2Fproduct_cat&post=722"},{"taxonomy":"product_tag","embeddable":true,"href":"https:\/\/babamima.ch\/wordpress\/index.php?rest_route=%2Fwp%2Fv2%2Fproduct_tag&post=722"}],"curies":[{"name":"wp","href":"https:\/\/api.w.org\/{rel}","templated":true}]}}