{"id":714,"date":"2016-12-09T22:41:01","date_gmt":"2016-12-09T20:41:01","guid":{"rendered":"http:\/\/babamima.ch\/wordpress\/?post_type=product&#038;p=714"},"modified":"2020-05-28T14:41:21","modified_gmt":"2020-05-28T12:41:21","slug":"turnsaeckli-fuechse","status":"publish","type":"product","link":"https:\/\/babamima.ch\/wordpress\/?product=turnsaeckli-fuechse","title":{"rendered":"Turns\u00e4ckli F\u00fcchse"},"content":{"rendered":"<p>f\u00fcr Schulkinder<\/p>\n<p>aus robustem japanischem Stoff, nature mit F\u00fcchsen<\/p>\n","protected":false},"excerpt":{"rendered":"<p>f\u00fcr Schulkinder aus robustem japanischem Stoff, nature mit F\u00fcchsen<\/p>\n","protected":false},"featured_media":715,"comment_status":"closed","ping_status":"closed","template":"","meta":{"spay_email":"","jetpack_publicize_message":"","jetpack_is_tweetstorm":false},"product_cat":[43,47],"product_tag":[],"jetpack_publicize_connections":[],"jetpack_sharing_enabled":true,"jetpack-related-posts":[{"id":731,"url":"https:\/\/babamima.ch\/wordpress\/?product=kleines-turnsaeckli-fuechse-dunkelgrau","url_meta":{"origin":714,"position":0},"title":"Turns\u00e4ckli F\u00fcchse dunkelgrau","date":"9. Dezember 2016","format":false,"excerpt":"z.B. f\u00fcr die Spielgruppe aus robustem japanischem Stoff, dunkelgrau mit F\u00fcchsen","rel":"","context":"\u00c4hnlicher Beitrag","img":{"alt_text":"","src":"https:\/\/i2.wp.com\/babamima.ch\/wordpress\/wp-content\/uploads\/2016\/12\/K1600_IMG_6929-e1590669287436.jpg?fit=800%2C1200&ssl=1&resize=350%2C200","width":350,"height":200},"classes":[]},{"id":722,"url":"https:\/\/babamima.ch\/wordpress\/?product=kleines-turnsaeckli-rote-fuechse","url_meta":{"origin":714,"position":1},"title":"kleines Turns\u00e4ckli rote F\u00fcchse","date":"9. Dezember 2016","format":false,"excerpt":"","rel":"","context":"\u00c4hnlicher Beitrag","img":{"alt_text":"","src":"https:\/\/i1.wp.com\/babamima.ch\/wordpress\/wp-content\/uploads\/2016\/12\/K1600_IMG_6932-e1590669491501.jpg?fit=800%2C1200&ssl=1&resize=350%2C200","width":350,"height":200},"classes":[]},{"id":684,"url":"https:\/\/babamima.ch\/wordpress\/?product=velolenker-taeschli-sterne-gruen","url_meta":{"origin":714,"position":2},"title":"Velolenker-T\u00e4schli Sterne gr\u00fcn","date":"9. Dezember 2016","format":false,"excerpt":"passt ans Like-a-bike und auch an gr\u00f6ssere Kinder-Velos mit Druckkn\u00f6pfen individuell an jeden Lenker anpassbar aus beschichtetem, abwaschbarem Stoff","rel":"","context":"\u00c4hnlicher Beitrag","img":{"alt_text":"","src":"https:\/\/i1.wp.com\/babamima.ch\/wordpress\/wp-content\/uploads\/2016\/12\/K1600_IMG_6967.jpg?fit=1200%2C800&ssl=1&resize=350%2C200","width":350,"height":200},"classes":[]},{"id":1096,"url":"https:\/\/babamima.ch\/wordpress\/?product=tornsaeckli-dreiecke","url_meta":{"origin":714,"position":3},"title":"Turns\u00e4ckli Dreiecke","date":"28. Mai 2020","format":false,"excerpt":"","rel":"","context":"\u00c4hnlicher Beitrag","img":{"alt_text":"","src":"https:\/\/i1.wp.com\/babamima.ch\/wordpress\/wp-content\/uploads\/2016\/12\/IMG_6592-Kopie-Kopie-e1590669065234.jpg?fit=800%2C1200&ssl=1&resize=350%2C200","width":350,"height":200},"classes":[]},{"id":726,"url":"https:\/\/babamima.ch\/wordpress\/?product=kleines-turnsaeckli-retro-blumen","url_meta":{"origin":714,"position":4},"title":"Turns\u00e4ckli retro Blumen","date":"9. Dezember 2016","format":false,"excerpt":"","rel":"","context":"\u00c4hnlicher Beitrag","img":{"alt_text":"","src":"https:\/\/i0.wp.com\/babamima.ch\/wordpress\/wp-content\/uploads\/2016\/12\/K1600_IMG_6928-e1590669371913.jpg?fit=800%2C1200&ssl=1&resize=350%2C200","width":350,"height":200},"classes":[]},{"id":849,"url":"https:\/\/babamima.ch\/wordpress\/?product=kuschelhose-moewen","url_meta":{"origin":714,"position":5},"title":"Kuschelhose M\u00f6wen","date":"11. Oktober 2018","format":false,"excerpt":"Jersey-Stoff, w\u00e4chst mit dank breitem B\u00fcndchen bestellbar in den Gr\u00f6ssen 56-92","rel":"","context":"\u00c4hnlicher Beitrag","img":{"alt_text":"","src":"https:\/\/i1.wp.com\/babamima.ch\/wordpress\/wp-content\/uploads\/2018\/10\/20181011_110712-e1539250507868.jpg?fit=900%2C1200&ssl=1&resize=350%2C200","width":350,"height":200},"classes":[]}],"_links":{"self":[{"href":"https:\/\/babamima.ch\/wordpress\/index.php?rest_route=\/wp\/v2\/product\/714"}],"collection":[{"href":"https:\/\/babamima.ch\/wordpress\/index.php?rest_route=\/wp\/v2\/product"}],"about":[{"href":"https:\/\/babamima.ch\/wordpress\/index.php?rest_route=\/wp\/v2\/types\/product"}],"replies":[{"embeddable":true,"href":"https:\/\/babamima.ch\/wordpress\/index.php?rest_route=%2Fwp%2Fv2%2Fcomments&post=714"}],"wp:featuredmedia":[{"embeddable":true,"href":"https:\/\/babamima.ch\/wordpress\/index.php?rest_route=\/wp\/v2\/media\/715"}],"wp:attachment":[{"href":"https:\/\/babamima.ch\/wordpress\/index.php?rest_route=%2Fwp%2Fv2%2Fmedia&parent=714"}],"wp:term":[{"taxonomy":"product_cat","embeddable":true,"href":"https:\/\/babamima.ch\/wordpress\/index.php?rest_route=%2Fwp%2Fv2%2Fproduct_cat&post=714"},{"taxonomy":"product_tag","embeddable":true,"href":"https:\/\/babamima.ch\/wordpress\/index.php?rest_route=%2Fwp%2Fv2%2Fproduct_tag&post=714"}],"curies":[{"name":"wp","href":"https:\/\/api.w.org\/{rel}","templated":true}]}}