{"id":538,"date":"2016-06-21T22:17:55","date_gmt":"2016-06-21T20:17:55","guid":{"rendered":"http:\/\/babamima.ch\/wordpress\/?post_type=product&#038;p=538"},"modified":"2020-07-02T00:06:09","modified_gmt":"2020-07-01T22:06:09","slug":"traubenkernkissen-weiss-mit-blueemli","status":"publish","type":"product","link":"https:\/\/babamima.ch\/wordpress\/?product=traubenkernkissen-weiss-mit-blueemli","title":{"rendered":"Traubenkernkissen weiss mit Bl\u00fcemli"},"content":{"rendered":"<p>f\u00fcrs Baby und auch f\u00fcr die Gr\u00f6sseren, zum Erw\u00e4rmen in der Mikrowelle geeignet<\/p>\n<p>mit Traubenkernen und Lavendel<\/p>\n<p>ca. 22x18cm<\/p>\n","protected":false},"excerpt":{"rendered":"<p>f\u00fcrs Baby und auch f\u00fcr die Gr\u00f6sseren, zum Erw\u00e4rmen in der Mikrowelle geeignet mit Traubenkernen und Lavendel ca. 22x18cm<\/p>\n","protected":false},"featured_media":575,"comment_status":"closed","ping_status":"closed","template":"","meta":{"spay_email":"","jetpack_publicize_message":"","jetpack_is_tweetstorm":false},"product_cat":[43,50,49],"product_tag":[],"jetpack_publicize_connections":[],"jetpack_sharing_enabled":true,"jetpack-related-posts":[{"id":368,"url":"https:\/\/babamima.ch\/wordpress\/?product=traubenkernkissen-mit-lavendel","url_meta":{"origin":538,"position":0},"title":"Traubenkernkissen Waldnacht","date":"14. November 2015","format":false,"excerpt":"f\u00fcrs Baby und auch f\u00fcr die Gr\u00f6sseren, zum Erw\u00e4rmen in der Mikrowelle geeignet, mit Traubenkernen und Lavendel ca. 22x18cm","rel":"","context":"\u00c4hnlicher Beitrag","img":{"alt_text":"","src":"https:\/\/i1.wp.com\/babamima.ch\/wordpress\/wp-content\/uploads\/2015\/11\/IMG_5311.jpg?fit=1200%2C800&ssl=1&resize=350%2C200","width":350,"height":200},"classes":[]},{"id":545,"url":"https:\/\/babamima.ch\/wordpress\/?product=traubenkernkissen-fuechsli","url_meta":{"origin":538,"position":1},"title":"Traubenkernkissen F\u00fcchsli","date":"21. Juni 2016","format":false,"excerpt":"f\u00fcrs Baby und auch f\u00fcr die Gr\u00f6sseren, zum Erw\u00e4rmen in der Mikrowelle geeignet mit Traubenkernen und Lavendel ca. 22x18cm","rel":"","context":"\u00c4hnlicher Beitrag","img":{"alt_text":"","src":"https:\/\/i0.wp.com\/babamima.ch\/wordpress\/wp-content\/uploads\/2016\/06\/K1600_IMG_6364.jpg?fit=1200%2C800&ssl=1&resize=350%2C200","width":350,"height":200},"classes":[]},{"id":562,"url":"https:\/\/babamima.ch\/wordpress\/?product=traubenkernkissen-aepfel","url_meta":{"origin":538,"position":2},"title":"Traubenkernkissen \u00c4pfel","date":"21. Juni 2016","format":false,"excerpt":"f\u00fcrs Baby und auch f\u00fcr die Gr\u00f6sseren, zum Erw\u00e4rmen in der Mikrowelle geeignet mit Traubenkernen und Lavendel ca. 22x18cm","rel":"","context":"\u00c4hnlicher Beitrag","img":{"alt_text":"","src":"https:\/\/i2.wp.com\/babamima.ch\/wordpress\/wp-content\/uploads\/2016\/06\/K1600_IMG_6373.jpg?fit=1200%2C800&ssl=1&resize=350%2C200","width":350,"height":200},"classes":[]},{"id":543,"url":"https:\/\/babamima.ch\/wordpress\/?product=traubenkernkissen-waschbaerli-2","url_meta":{"origin":538,"position":3},"title":"Traubenkernkissen Waschb\u00e4rli","date":"21. Juni 2016","format":false,"excerpt":"f\u00fcrs Baby und auch f\u00fcr die Gr\u00f6sseren, zum Erw\u00e4rmen in der Mikrowelle geeignet mit Traubenkernen und Lavendel ca. 22x18cm","rel":"","context":"\u00c4hnlicher Beitrag","img":{"alt_text":"","src":"https:\/\/i2.wp.com\/babamima.ch\/wordpress\/wp-content\/uploads\/2016\/06\/IMG_6362.jpg?fit=1200%2C800&ssl=1&resize=350%2C200","width":350,"height":200},"classes":[]},{"id":549,"url":"https:\/\/babamima.ch\/wordpress\/?product=traubenkernkissen-kleine-elefaentli","url_meta":{"origin":538,"position":4},"title":"Traubenkernkissen kleine Elef\u00e4ntli","date":"21. Juni 2016","format":false,"excerpt":"f\u00fcrs Baby und auch f\u00fcr die Gr\u00f6sseren, zum Erw\u00e4rmen in der Mikrowelle geeignet mit Traubenkernen und Lavendel ca. 22x18cm","rel":"","context":"\u00c4hnlicher Beitrag","img":{"alt_text":"","src":"https:\/\/i2.wp.com\/babamima.ch\/wordpress\/wp-content\/uploads\/2016\/06\/K1600_IMG_6366.jpg?fit=1200%2C800&ssl=1&resize=350%2C200","width":350,"height":200},"classes":[]},{"id":551,"url":"https:\/\/babamima.ch\/wordpress\/?product=traubenkernkissen-retro-uhu","url_meta":{"origin":538,"position":5},"title":"Traubenkernkissen retro Uhu","date":"21. Juni 2016","format":false,"excerpt":"f\u00fcrs Baby und auch f\u00fcr die Gr\u00f6sseren, zum Erw\u00e4rmen in der Mikrowelle geeignet mit Traubenkernen und Lavendel ca. 22x18cm","rel":"","context":"\u00c4hnlicher Beitrag","img":{"alt_text":"","src":"https:\/\/i2.wp.com\/babamima.ch\/wordpress\/wp-content\/uploads\/2016\/06\/K1600_IMG_6368.jpg?fit=1200%2C800&ssl=1&resize=350%2C200","width":350,"height":200},"classes":[]}],"_links":{"self":[{"href":"https:\/\/babamima.ch\/wordpress\/index.php?rest_route=\/wp\/v2\/product\/538"}],"collection":[{"href":"https:\/\/babamima.ch\/wordpress\/index.php?rest_route=\/wp\/v2\/product"}],"about":[{"href":"https:\/\/babamima.ch\/wordpress\/index.php?rest_route=\/wp\/v2\/types\/product"}],"replies":[{"embeddable":true,"href":"https:\/\/babamima.ch\/wordpress\/index.php?rest_route=%2Fwp%2Fv2%2Fcomments&post=538"}],"wp:featuredmedia":[{"embeddable":true,"href":"https:\/\/babamima.ch\/wordpress\/index.php?rest_route=\/wp\/v2\/media\/575"}],"wp:attachment":[{"href":"https:\/\/babamima.ch\/wordpress\/index.php?rest_route=%2Fwp%2Fv2%2Fmedia&parent=538"}],"wp:term":[{"taxonomy":"product_cat","embeddable":true,"href":"https:\/\/babamima.ch\/wordpress\/index.php?rest_route=%2Fwp%2Fv2%2Fproduct_cat&post=538"},{"taxonomy":"product_tag","embeddable":true,"href":"https:\/\/babamima.ch\/wordpress\/index.php?rest_route=%2Fwp%2Fv2%2Fproduct_tag&post=538"}],"curies":[{"name":"wp","href":"https:\/\/api.w.org\/{rel}","templated":true}]}}