{"id":1135,"date":"2020-06-07T10:09:59","date_gmt":"2020-06-07T08:09:59","guid":{"rendered":"https:\/\/babamima.ch\/wordpress\/?post_type=product&#038;p=1135"},"modified":"2020-10-14T00:06:31","modified_gmt":"2020-10-13T22:06:31","slug":"maske-8","status":"publish","type":"product","link":"https:\/\/babamima.ch\/wordpress\/?product=maske-8","title":{"rendered":"Maske"},"content":{"rendered":"<p>f\u00fcr Kinder (S) und Erwachsene (M oder L), bitte bei den Bemerkungen angeben<\/p>\n<p>100% Baumwolle, doppellagig mit Filterfach<\/p>\n<p>Innenstoff antimikrobiell Viroblock<\/p>\n<p>auf Wunsch mit einsetzbarem Nasenb\u00fcgel<\/p>\n<p>portofreier Versand der Masken (einfach beim Checkout &#8222;Abholung vor Ort &#8220; anw\u00e4hlen)<\/p>\n","protected":false},"excerpt":{"rendered":"<p>&nbsp;<\/p>\n<div id=\"mailtooptionchmailPopupModalTo\">\n<div id=\"mailtooptionchmailContentPopup\">\n<div id=\"mailtooptionchpopupCloseModalMail\"><\/div>\n<div id=\"mailtooptionchquestionToPopup\">What do you want to do ?<\/div>\n<p><a id=\"mailtooptionchbuttonOpenEmail\"><\/a>New mail<button id=\"mailtooptionchemailClipboardButton\">Copy<\/button><textarea id=\"mailtooptionchcopyClipboardTextAreaSelect\"><\/textarea><\/div>\n<\/div>\n<div><img \/><\/div>\n","protected":false},"featured_media":1136,"comment_status":"closed","ping_status":"closed","template":"","meta":{"spay_email":"","jetpack_publicize_message":"","jetpack_is_tweetstorm":false},"product_cat":[41,77],"product_tag":[],"jetpack_publicize_connections":[],"jetpack_sharing_enabled":true,"jetpack-related-posts":[{"id":538,"url":"https:\/\/babamima.ch\/wordpress\/?product=traubenkernkissen-weiss-mit-blueemli","url_meta":{"origin":1135,"position":0},"title":"Traubenkernkissen weiss mit Bl\u00fcemli","date":"21. Juni 2016","format":false,"excerpt":"f\u00fcrs Baby und auch f\u00fcr die Gr\u00f6sseren, zum Erw\u00e4rmen in der Mikrowelle geeignet mit Traubenkernen und Lavendel ca. 22x18cm","rel":"","context":"\u00c4hnlicher Beitrag","img":{"alt_text":"","src":"https:\/\/i1.wp.com\/babamima.ch\/wordpress\/wp-content\/uploads\/2016\/06\/K1600_IMG_6360.jpg?fit=1200%2C800&ssl=1&resize=350%2C200","width":350,"height":200},"classes":[]},{"id":368,"url":"https:\/\/babamima.ch\/wordpress\/?product=traubenkernkissen-mit-lavendel","url_meta":{"origin":1135,"position":1},"title":"Traubenkernkissen Waldnacht","date":"14. November 2015","format":false,"excerpt":"f\u00fcrs Baby und auch f\u00fcr die Gr\u00f6sseren, zum Erw\u00e4rmen in der Mikrowelle geeignet, mit Traubenkernen und Lavendel ca. 22x18cm","rel":"","context":"\u00c4hnlicher Beitrag","img":{"alt_text":"","src":"https:\/\/i1.wp.com\/babamima.ch\/wordpress\/wp-content\/uploads\/2015\/11\/IMG_5311.jpg?fit=1200%2C800&ssl=1&resize=350%2C200","width":350,"height":200},"classes":[]},{"id":1123,"url":"https:\/\/babamima.ch\/wordpress\/?product=maske","url_meta":{"origin":1135,"position":2},"title":"Maske","date":"7. Juni 2020","format":false,"excerpt":"\u00a0 What do you want to do ? New mailCopy","rel":"","context":"\u00c4hnlicher Beitrag","img":{"alt_text":"","src":"https:\/\/i2.wp.com\/babamima.ch\/wordpress\/wp-content\/uploads\/2020\/06\/20200425_163141-scaled.jpg?fit=1200%2C900&ssl=1&resize=350%2C200","width":350,"height":200},"classes":[]},{"id":1104,"url":"https:\/\/babamima.ch\/wordpress\/?product=maske-tom","url_meta":{"origin":1135,"position":3},"title":"Maske","date":"5. Juni 2020","format":false,"excerpt":"\u00a0 What do you want to do ? New mailCopy","rel":"","context":"\u00c4hnlicher Beitrag","img":{"alt_text":"","src":"https:\/\/i0.wp.com\/babamima.ch\/wordpress\/wp-content\/uploads\/2020\/06\/20200425_163019-scaled.jpg?fit=1200%2C900&ssl=1&resize=350%2C200","width":350,"height":200},"classes":[]},{"id":1106,"url":"https:\/\/babamima.ch\/wordpress\/?product=maske-esther","url_meta":{"origin":1135,"position":4},"title":"Maske","date":"5. Juni 2020","format":false,"excerpt":"\u00a0 What do you want to do ? New mailCopy","rel":"","context":"\u00c4hnlicher Beitrag","img":{"alt_text":"","src":"https:\/\/i0.wp.com\/babamima.ch\/wordpress\/wp-content\/uploads\/2020\/06\/20200425_162441-scaled.jpg?fit=1200%2C900&ssl=1&resize=350%2C200","width":350,"height":200},"classes":[]},{"id":1108,"url":"https:\/\/babamima.ch\/wordpress\/?product=maske-anna","url_meta":{"origin":1135,"position":5},"title":"Maske","date":"5. Juni 2020","format":false,"excerpt":"\u00a0 What do you want to do ? New mailCopy","rel":"","context":"\u00c4hnlicher Beitrag","img":{"alt_text":"","src":"https:\/\/i0.wp.com\/babamima.ch\/wordpress\/wp-content\/uploads\/2020\/06\/20200425_163207-scaled.jpg?fit=1200%2C900&ssl=1&resize=350%2C200","width":350,"height":200},"classes":[]}],"_links":{"self":[{"href":"https:\/\/babamima.ch\/wordpress\/index.php?rest_route=\/wp\/v2\/product\/1135"}],"collection":[{"href":"https:\/\/babamima.ch\/wordpress\/index.php?rest_route=\/wp\/v2\/product"}],"about":[{"href":"https:\/\/babamima.ch\/wordpress\/index.php?rest_route=\/wp\/v2\/types\/product"}],"replies":[{"embeddable":true,"href":"https:\/\/babamima.ch\/wordpress\/index.php?rest_route=%2Fwp%2Fv2%2Fcomments&post=1135"}],"wp:featuredmedia":[{"embeddable":true,"href":"https:\/\/babamima.ch\/wordpress\/index.php?rest_route=\/wp\/v2\/media\/1136"}],"wp:attachment":[{"href":"https:\/\/babamima.ch\/wordpress\/index.php?rest_route=%2Fwp%2Fv2%2Fmedia&parent=1135"}],"wp:term":[{"taxonomy":"product_cat","embeddable":true,"href":"https:\/\/babamima.ch\/wordpress\/index.php?rest_route=%2Fwp%2Fv2%2Fproduct_cat&post=1135"},{"taxonomy":"product_tag","embeddable":true,"href":"https:\/\/babamima.ch\/wordpress\/index.php?rest_route=%2Fwp%2Fv2%2Fproduct_tag&post=1135"}],"curies":[{"name":"wp","href":"https:\/\/api.w.org\/{rel}","templated":true}]}}