{"id":580,"date":"2016-06-21T23:14:24","date_gmt":"2016-06-21T21:14:24","guid":{"rendered":"http:\/\/babamima.ch\/wordpress\/?page_id=580"},"modified":"2016-06-21T23:14:24","modified_gmt":"2016-06-21T21:14:24","slug":"atelier-2","status":"publish","type":"page","link":"https:\/\/babamima.ch\/wordpress\/?page_id=580","title":{"rendered":"Atelier"},"content":{"rendered":"","protected":false},"excerpt":{"rendered":"","protected":false},"author":2,"featured_media":0,"parent":0,"menu_order":0,"comment_status":"closed","ping_status":"closed","template":"","meta":{"spay_email":""},"jetpack_sharing_enabled":true,"jetpack_shortlink":"https:\/\/wp.me\/P8ENLT-9m","jetpack-related-posts":[{"id":14,"url":"https:\/\/babamima.ch\/wordpress\/?page_id=14","url_meta":{"origin":580,"position":0},"title":"\u00dcber mich","date":"16. Mai 2015","format":false,"excerpt":"Zu Hause an meinem N\u00e4htisch lebe ich meine Leidenschaft f\u00fcrs kreative Gestalten aus. Sch\u00f6ne Stoffe und deren unterschiedliche Beschaffenheit \u00fcben auf mich seit Langem eine grosse Anziehungskraft aus, und so wuchs mein Fundus an Textilien nach und nach. Anfangs n\u00e4hte ich f\u00fcr mich selber und meine Kinder... und begann irgendwann\u2026","rel":"","context":"\u00c4hnlicher Beitrag","img":{"alt_text":"","src":"https:\/\/i2.wp.com\/babamima.ch\/wordpress\/wp-content\/uploads\/2015\/05\/IMG_3921-e1451850590748-200x300.jpg?resize=350%2C200","width":350,"height":200},"classes":[]}],"_links":{"self":[{"href":"https:\/\/babamima.ch\/wordpress\/index.php?rest_route=\/wp\/v2\/pages\/580"}],"collection":[{"href":"https:\/\/babamima.ch\/wordpress\/index.php?rest_route=\/wp\/v2\/pages"}],"about":[{"href":"https:\/\/babamima.ch\/wordpress\/index.php?rest_route=\/wp\/v2\/types\/page"}],"author":[{"embeddable":true,"href":"https:\/\/babamima.ch\/wordpress\/index.php?rest_route=\/wp\/v2\/users\/2"}],"replies":[{"embeddable":true,"href":"https:\/\/babamima.ch\/wordpress\/index.php?rest_route=%2Fwp%2Fv2%2Fcomments&post=580"}],"version-history":[{"count":1,"href":"https:\/\/babamima.ch\/wordpress\/index.php?rest_route=\/wp\/v2\/pages\/580\/revisions"}],"predecessor-version":[{"id":581,"href":"https:\/\/babamima.ch\/wordpress\/index.php?rest_route=\/wp\/v2\/pages\/580\/revisions\/581"}],"wp:attachment":[{"href":"https:\/\/babamima.ch\/wordpress\/index.php?rest_route=%2Fwp%2Fv2%2Fmedia&parent=580"}],"curies":[{"name":"wp","href":"https:\/\/api.w.org\/{rel}","templated":true}]}}