{"id":14,"date":"2015-05-16T21:37:29","date_gmt":"2015-05-16T21:37:29","guid":{"rendered":"http:\/\/babamima.ch\/wordpress\/?page_id=14"},"modified":"2018-09-05T21:36:33","modified_gmt":"2018-09-05T19:36:33","slug":"atelier","status":"publish","type":"page","link":"https:\/\/babamima.ch\/wordpress\/?page_id=14","title":{"rendered":"\u00dcber mich"},"content":{"rendered":"<p><a href=\"https:\/\/i1.wp.com\/babamima.ch\/wordpress\/wp-content\/uploads\/2015\/05\/IMG_3921-e1451850590748.jpg\"><img data-attachment-id=\"385\" data-permalink=\"https:\/\/babamima.ch\/wordpress\/?attachment_id=385\" data-orig-file=\"https:\/\/i1.wp.com\/babamima.ch\/wordpress\/wp-content\/uploads\/2015\/05\/IMG_3921-e1451850590748.jpg?fit=2848%2C4272&amp;ssl=1\" data-orig-size=\"2848,4272\" data-comments-opened=\"0\" data-image-meta=\"{&quot;aperture&quot;:&quot;4&quot;,&quot;credit&quot;:&quot;&quot;,&quot;camera&quot;:&quot;Canon EOS 450D&quot;,&quot;caption&quot;:&quot;&quot;,&quot;created_timestamp&quot;:&quot;1431552008&quot;,&quot;copyright&quot;:&quot;&quot;,&quot;focal_length&quot;:&quot;35&quot;,&quot;iso&quot;:&quot;800&quot;,&quot;shutter_speed&quot;:&quot;0.033333333333333&quot;,&quot;title&quot;:&quot;&quot;,&quot;orientation&quot;:&quot;6&quot;}\" data-image-title=\"IMG_3921\" data-image-description=\"\" data-image-caption=\"\" data-medium-file=\"https:\/\/i1.wp.com\/babamima.ch\/wordpress\/wp-content\/uploads\/2015\/05\/IMG_3921-e1451850590748.jpg?fit=200%2C300&amp;ssl=1\" data-large-file=\"https:\/\/i1.wp.com\/babamima.ch\/wordpress\/wp-content\/uploads\/2015\/05\/IMG_3921-e1451850590748.jpg?fit=683%2C1024&amp;ssl=1\" loading=\"lazy\" class=\" wp-image-385 alignright\" src=\"https:\/\/i2.wp.com\/babamima.ch\/wordpress\/wp-content\/uploads\/2015\/05\/IMG_3921-e1451850590748-200x300.jpg?resize=252%2C378\" alt=\"IMG_3921\" width=\"252\" height=\"378\" srcset=\"https:\/\/i1.wp.com\/babamima.ch\/wordpress\/wp-content\/uploads\/2015\/05\/IMG_3921-e1451850590748.jpg?resize=200%2C300&amp;ssl=1 200w, https:\/\/i1.wp.com\/babamima.ch\/wordpress\/wp-content\/uploads\/2015\/05\/IMG_3921-e1451850590748.jpg?resize=683%2C1024&amp;ssl=1 683w, https:\/\/i1.wp.com\/babamima.ch\/wordpress\/wp-content\/uploads\/2015\/05\/IMG_3921-e1451850590748.jpg?w=1696&amp;ssl=1 1696w, https:\/\/i1.wp.com\/babamima.ch\/wordpress\/wp-content\/uploads\/2015\/05\/IMG_3921-e1451850590748.jpg?w=2544&amp;ssl=1 2544w\" sizes=\"(max-width: 252px) 100vw, 252px\" data-recalc-dims=\"1\" \/><\/a><\/p>\n<p>Zu Hause an meinem N\u00e4htisch lebe ich meine Leidenschaft f\u00fcrs kreative Gestalten aus. Sch\u00f6ne Stoffe und deren unterschiedliche Beschaffenheit \u00fcben auf mich seit Langem eine grosse Anziehungskraft aus, und so wuchs mein Fundus an Textilien nach und nach. Anfangs n\u00e4hte ich f\u00fcr mich selber und meine Kinder&#8230; und begann irgendwann auch f\u00fcr andere auf Auftrag herzustellen. Im 2015 er\u00f6ffnete ich dann den baba&amp;mima Online-Shop und freue mich sehr, mittlerweile einige meiner Produkte auch in einzelnen Gesch\u00e4ften zum Verkauf anbieten zu k\u00f6nnen.<\/p>\n<p>Die N\u00e4herei betreibe ich neben meinen T\u00e4tigkeiten als Mutter und Lehrkraft f\u00fcr textiles Gestalten. Am N\u00e4htisch tobe ich mich kreativ aus, setze Ideen um oder in den Sand und vergesse auch mal die Welt um mich herum.<\/p>\n<p>Der Herr des Hauses fungiert als Motivator, konstruktiver Kritiker, Berater, pers\u00f6nlicher Web-Admimistrator, Markt-Analyst, Kinderbetreuer und was halt jeweils grad gefragt ist;-)<\/p>\n<p>Unsere drei Kinder bet\u00e4tigen sich gelegentlich als Tester der Prototypen, v.a. aber als grosse Inspirationsquelle f\u00fcr neue Ideen&#8230;<\/p>\n<p>baba (David) und mima (Samira) nannten sich unsere beiden gr\u00f6sseren Kinder \u00fcbrigens einst selbst&#8230; so entstand der Name baba&amp;mima.<\/p>\n","protected":false},"excerpt":{"rendered":"<p>Zu Hause an meinem N\u00e4htisch lebe ich meine Leidenschaft f\u00fcrs kreative Gestalten aus. Sch\u00f6ne Stoffe und deren unterschiedliche Beschaffenheit \u00fcben auf mich seit Langem eine grosse Anziehungskraft aus, und so wuchs mein Fundus an Textilien nach und nach. Anfangs n\u00e4hte ich f\u00fcr mich selber und meine Kinder&#8230; und begann irgendwann auch f\u00fcr andere auf Auftrag&hellip; <\/p>\n<p class=\"more-link-p\"><a class=\"more-link\" href=\"https:\/\/babamima.ch\/wordpress\/?page_id=14\">Continue reading <span class=\"meta-nav\">&rarr;<\/span><\/a><\/p>\n","protected":false},"author":2,"featured_media":0,"parent":0,"menu_order":99,"comment_status":"closed","ping_status":"closed","template":"","meta":{"spay_email":""},"jetpack_sharing_enabled":true,"jetpack_shortlink":"https:\/\/wp.me\/P8ENLT-e","jetpack-related-posts":[{"id":161,"url":"https:\/\/babamima.ch\/wordpress\/","url_meta":{"origin":14,"position":0},"title":"Willkommen bei baba&amp;mima","date":"7. September 2015","format":false,"excerpt":"Selbstgen\u00e4htes f\u00fcr Klein und Gross Eine Auswahl an Produkte von baba&mima ist auch in folgenden Berner L\u00e4den erh\u00e4ltlich: Encore Kinderkleiderb\u00f6rse Trouvaille kids","rel":"","context":"\u00c4hnlicher Beitrag","img":{"alt_text":"","src":"","width":0,"height":0},"classes":[]}],"_links":{"self":[{"href":"https:\/\/babamima.ch\/wordpress\/index.php?rest_route=\/wp\/v2\/pages\/14"}],"collection":[{"href":"https:\/\/babamima.ch\/wordpress\/index.php?rest_route=\/wp\/v2\/pages"}],"about":[{"href":"https:\/\/babamima.ch\/wordpress\/index.php?rest_route=\/wp\/v2\/types\/page"}],"author":[{"embeddable":true,"href":"https:\/\/babamima.ch\/wordpress\/index.php?rest_route=\/wp\/v2\/users\/2"}],"replies":[{"embeddable":true,"href":"https:\/\/babamima.ch\/wordpress\/index.php?rest_route=%2Fwp%2Fv2%2Fcomments&post=14"}],"version-history":[{"count":14,"href":"https:\/\/babamima.ch\/wordpress\/index.php?rest_route=\/wp\/v2\/pages\/14\/revisions"}],"predecessor-version":[{"id":843,"href":"https:\/\/babamima.ch\/wordpress\/index.php?rest_route=\/wp\/v2\/pages\/14\/revisions\/843"}],"wp:attachment":[{"href":"https:\/\/babamima.ch\/wordpress\/index.php?rest_route=%2Fwp%2Fv2%2Fmedia&parent=14"}],"curies":[{"name":"wp","href":"https:\/\/api.w.org\/{rel}","templated":true}]}}